{"id":645,"date":"2023-07-26T12:03:41","date_gmt":"2023-07-26T12:03:41","guid":{"rendered":"https:\/\/www.theater-berschis.ch\/wordpress\/?page_id=645"},"modified":"2023-07-26T12:03:41","modified_gmt":"2023-07-26T12:03:41","slug":"impressum","status":"publish","type":"page","link":"https:\/\/www.theater-berschis.ch\/wordpress\/index.php\/impressum\/","title":{"rendered":"Impressum"},"content":{"rendered":"\n<p><strong>Kontakt<\/strong><br>Theatergesellschaft Berschis<br>Martin Hobi <br>Hinterfeldstr. 2<br>8892 Berschis <br>tgberschis(at)gmail.com<\/p>\n\n\n\n<p>Bitte teilen Sie uns Anregungen, Feststellungen oder Verbesserungsvorschl\u00e4ge per E-Mail mit.<\/p>\n\n\n\n<p><strong>Haftungsausschluss<\/strong><br>Wenn Links (Verweise) von unseren Webseiten zu weiteren Webseiten Dritter f\u00fchren, so haben wir auf den Inhalt und das Design dieser Webseiten Dritter keinerlei Einfluss und \u00fcbernehmen deshalb auch keinerlei Verantwortung f\u00fcr allf\u00e4llige strafbare, jugendgef\u00e4hrdende, ordnungswidrige und\/oder in anderer Form rechtswidrige (z.B. ehrverletzende, beleidigende, bedrohende, obsz\u00f6ne, rassistische) Inhalte. Jede Haftung f\u00fcr den Inhalt der Webseiten Dritter, auf die wir mittels Link verweisen, wird demnach ausdr\u00fccklich abgelehnt. Insbesondere wird jede Haftung f\u00fcr den Inhalt ausdr\u00fccklich abgelehnt, sei es, dass dieser rechtswidrig, unsittlich oder auch nur schon nicht altersgem\u00e4ss ist. Die BesucherInnen der Webseiten Dritter, auf die unsere Webseiten per Link verweisen, tragen die Verantwortung f\u00fcr ihren Besuch vollumf\u00e4nglich selbst.<\/p>\n","protected":false},"excerpt":{"rendered":"<p>KontaktTheatergesellschaft BerschisMartin Hobi Hinterfeldstr. 28892 Berschis tgberschis(at)gmail.com Bitte teilen Sie uns Anregungen, Feststellungen oder Verbesserungsvorschl\u00e4ge per E-Mail mit. HaftungsausschlussWenn Links (Verweise) von unseren Webseiten zu weiteren Webseiten Dritter f\u00fchren, so haben wir auf den Inhalt und das Design dieser Webseiten Dritter keinerlei Einfluss und \u00fcbernehmen deshalb auch keinerlei Verantwortung f\u00fcr allf\u00e4llige strafbare, jugendgef\u00e4hrdende, ordnungswidrige und\/oder &hellip; <\/p>\n<p class=\"link-more\"><a href=\"https:\/\/www.theater-berschis.ch\/wordpress\/index.php\/impressum\/\" class=\"more-link\"><span class=\"screen-reader-text\">&#171;Impressum&#187;<\/span> weiterlesen<\/a><\/p>\n","protected":false},"author":1,"featured_media":0,"parent":0,"menu_order":0,"comment_status":"closed","ping_status":"closed","template":"","meta":{"footnotes":""},"class_list":["post-645","page","type-page","status-publish","hentry"],"_links":{"self":[{"href":"https:\/\/www.theater-berschis.ch\/wordpress\/index.php\/wp-json\/wp\/v2\/pages\/645","targetHints":{"allow":["GET"]}}],"collection":[{"href":"https:\/\/www.theater-berschis.ch\/wordpress\/index.php\/wp-json\/wp\/v2\/pages"}],"about":[{"href":"https:\/\/www.theater-berschis.ch\/wordpress\/index.php\/wp-json\/wp\/v2\/types\/page"}],"author":[{"embeddable":true,"href":"https:\/\/www.theater-berschis.ch\/wordpress\/index.php\/wp-json\/wp\/v2\/users\/1"}],"replies":[{"embeddable":true,"href":"https:\/\/www.theater-berschis.ch\/wordpress\/index.php\/wp-json\/wp\/v2\/comments?post=645"}],"version-history":[{"count":2,"href":"https:\/\/www.theater-berschis.ch\/wordpress\/index.php\/wp-json\/wp\/v2\/pages\/645\/revisions"}],"predecessor-version":[{"id":647,"href":"https:\/\/www.theater-berschis.ch\/wordpress\/index.php\/wp-json\/wp\/v2\/pages\/645\/revisions\/647"}],"wp:attachment":[{"href":"https:\/\/www.theater-berschis.ch\/wordpress\/index.php\/wp-json\/wp\/v2\/media?parent=645"}],"curies":[{"name":"wp","href":"https:\/\/api.w.org\/{rel}","templated":true}]}}