{"id":61,"date":"2020-07-27T08:37:29","date_gmt":"2020-07-27T08:37:29","guid":{"rendered":"https:\/\/www.theater-berschis.ch\/wordpress\/?page_id=61"},"modified":"2025-12-16T21:22:22","modified_gmt":"2025-12-16T21:22:22","slug":"fotos","status":"publish","type":"page","link":"https:\/\/www.theater-berschis.ch\/wordpress\/index.php\/fotos\/","title":{"rendered":"Fotos"},"content":{"rendered":"\n<p><a href=\"https:\/\/photos.app.goo.gl\/xPK8dRB2LiHxnWxe8\" data-type=\"link\" data-id=\"https:\/\/photos.app.goo.gl\/xPK8dRB2LiHxnWxe8\" target=\"_blank\" rel=\"noreferrer noopener nofollow\">2025 Rente gut &#8211; alles gut<\/a><\/p>\n\n\n\n<p><a href=\"https:\/\/photos.app.goo.gl\/5wXmte47umYNyJ1x6\" data-type=\"link\" data-id=\"https:\/\/photos.app.goo.gl\/5wXmte47umYNyJ1x6\" target=\"_blank\" rel=\"noreferrer noopener\">2024 Mission Million (Die Million im Ehebett)<\/a><\/p>\n\n\n\n<p><a href=\"https:\/\/photos.app.goo.gl\/kuwrCBAN4oV4vsUy5\" data-type=\"link\" data-id=\"https:\/\/photos.app.goo.gl\/kuwrCBAN4oV4vsUy5\" target=\"_blank\" rel=\"noreferrer noopener\">2023 Hotel Mimosa (Pension compl\u00e8te)<\/a><\/p>\n\n\n\n<p><a href=\"https:\/\/photos.app.goo.gl\/1WMA5qPRMJba1qG18\" target=\"_blank\" rel=\"noreferrer noopener\">2022 Ich weiss vo n\u00fc\u00fct<\/a><\/p>\n\n\n\n<p><a rel=\"noreferrer noopener\" href=\"https:\/\/photos.google.com\/share\/AF1QipOFvglyH_7ouG4HFiS8-PlBKM5Pn2e2kyEs3s9lqSArMTQH2vGZh9I5GWvDNoO03A?key=eWxTNGo4eDNxNWhmWUVhQ2ZkS2tHV2V5YlNNcEhR\" target=\"_blank\">2019 Baby Baby Balla Balla<\/a><\/p>\n\n\n\n<p><a rel=\"noreferrer noopener\" href=\"https:\/\/photos.google.com\/share\/AF1QipO-dx-0S23u5Ja5TJdb3ohkydfQenll7CcTtSKuRgR0df_Hv45GCDr9Lfpklmk_fQ?key=ZDhDdVJpSExUNmVFbkE3S2ZOLVl1VnNXVHZSSXZB\" target=\"_blank\">2018 Ausser Kontrolle<\/a><\/p>\n\n\n\n<p><a rel=\"noreferrer noopener\" href=\"https:\/\/photos.google.com\/share\/AF1QipOB6QFLmGMTJxRWD-SPd7ExopzGr0LHZTQd-_XIfyAGow2TUDba9eYUvsJOL9MRoQ?key=cHpSajB0NExyY3ZBTXBrenhGVUppd2ZpaU1xWnpB\" target=\"_blank\">2017 Verruc<\/a><a href=\"https:\/\/photos.google.com\/share\/AF1QipOB6QFLmGMTJxRWD-SPd7ExopzGr0LHZTQd-_XIfyAGow2TUDba9eYUvsJOL9MRoQ?key=cHpSajB0NExyY3ZBTXBrenhGVUppd2ZpaU1xWnpB\" target=\"_blank\" rel=\"noreferrer noopener\">kts G\u00e4ld<\/a><\/p>\n\n\n\n<p><\/p>\n\n\n\n<p><\/p>\n\n\n\n<p><\/p>\n\n\n\n<p>(Herzlichen Dank an \u00a9 aschwanden.photo)<\/p>\n","protected":false},"excerpt":{"rendered":"<p>2025 Rente gut &#8211; alles gut 2024 Mission Million (Die Million im Ehebett) 2023 Hotel Mimosa (Pension compl\u00e8te) 2022 Ich weiss vo n\u00fc\u00fct 2019 Baby Baby Balla Balla 2018 Ausser Kontrolle 2017 Verruckts G\u00e4ld (Herzlichen Dank an \u00a9 aschwanden.photo)<\/p>\n","protected":false},"author":1,"featured_media":818,"parent":0,"menu_order":0,"comment_status":"closed","ping_status":"closed","template":"","meta":{"footnotes":""},"class_list":["post-61","page","type-page","status-publish","has-post-thumbnail","hentry"],"_links":{"self":[{"href":"https:\/\/www.theater-berschis.ch\/wordpress\/index.php\/wp-json\/wp\/v2\/pages\/61","targetHints":{"allow":["GET"]}}],"collection":[{"href":"https:\/\/www.theater-berschis.ch\/wordpress\/index.php\/wp-json\/wp\/v2\/pages"}],"about":[{"href":"https:\/\/www.theater-berschis.ch\/wordpress\/index.php\/wp-json\/wp\/v2\/types\/page"}],"author":[{"embeddable":true,"href":"https:\/\/www.theater-berschis.ch\/wordpress\/index.php\/wp-json\/wp\/v2\/users\/1"}],"replies":[{"embeddable":true,"href":"https:\/\/www.theater-berschis.ch\/wordpress\/index.php\/wp-json\/wp\/v2\/comments?post=61"}],"version-history":[{"count":28,"href":"https:\/\/www.theater-berschis.ch\/wordpress\/index.php\/wp-json\/wp\/v2\/pages\/61\/revisions"}],"predecessor-version":[{"id":1076,"href":"https:\/\/www.theater-berschis.ch\/wordpress\/index.php\/wp-json\/wp\/v2\/pages\/61\/revisions\/1076"}],"wp:featuredmedia":[{"embeddable":true,"href":"https:\/\/www.theater-berschis.ch\/wordpress\/index.php\/wp-json\/wp\/v2\/media\/818"}],"wp:attachment":[{"href":"https:\/\/www.theater-berschis.ch\/wordpress\/index.php\/wp-json\/wp\/v2\/media?parent=61"}],"curies":[{"name":"wp","href":"https:\/\/api.w.org\/{rel}","templated":true}]}}