{"id":110,"date":"2020-07-27T19:09:15","date_gmt":"2020-07-27T19:09:15","guid":{"rendered":"https:\/\/www.theater-berschis.ch\/wordpress\/?page_id=110"},"modified":"2025-04-16T06:43:38","modified_gmt":"2025-04-16T06:43:38","slug":"ueber-uns","status":"publish","type":"page","link":"https:\/\/www.theater-berschis.ch\/wordpress\/index.php\/ueber-uns\/","title":{"rendered":"\u00dcber uns"},"content":{"rendered":"\n<p>Die Theatergesellschaft Berschis ist ein traditionsreicher Kulturverein und bezweckt zur Hauptsache die F\u00f6rderung des Laientheaters in all seinen Ausdrucksformen. Allj\u00e4hrlich im Herbst f\u00fchren wir ein Theaterst\u00fcck im altehrw\u00fcrdigen Saal des <a rel=\"noreferrer noopener\" href=\"https:\/\/www.lindeberschis.ch\/\" target=\"_blank\">Landgasthofs Linde<\/a> auf.<\/p>\n\n\n\n<hr class=\"wp-block-separator has-css-opacity\"\/>\n\n\n\n<p><strong>Geschichte<\/strong><\/p>\n\n\n\n<p>Die Theatergesellschaft Berschis wurde am 22. November 1911 von sieben theaterbegeisterten M\u00e4nnern gegr\u00fcndet. Das Theater war zu jener Zeit nichts Neues in Berschis. Die ersten Dokumente gehen auf das Jahr 1905 zur\u00fcck. In der Zeit zwischen 1905 und 1911 wurden durch den dramatischen Verein Berschis allj\u00e4hrlich Theater aufgef\u00fchrt. Wie der Name schon sagt, wurden vorwiegend dramatische Volksst\u00fccke vorgetragen. Schon damals war der Lindensaal Schauplatz dieser Theaterabende.<\/p>\n\n\n\n<p>Vier der 11 Mitglieder des dramatischen Vereins und drei weitere Berschner ruften im Jahre 1911 die Theatergesellschaft Berschis ins Leben.<\/p>\n\n\n\n<p>In der \u00fcber 100-j\u00e4hrigen Zeit des Bestehens gab es H\u00f6hen und Tiefen. In den Anfangszeiten wurde aufgrund des Ersten Weltkrieges nur sporadisch Theater aufgef\u00fchrt. Erst in den Jahren des Zweiten Weltkrieges wurde neues Leben eingehaucht und zeit- und personalintensiver Theater gespielt. Das Interesse schwand aber wieder und erst im Jahre 1960 erwachte die Gesellschaft ein zweites Mal aus dem Dornr\u00f6schenschlaf. Seither trugen die j\u00e4hrlichen Theaterauff\u00fchrungen wesentlich zum Dorfleben bei. Einige Akteure aus jener Zeit geh\u00f6ren heute noch zu aktiven Mitgliedern auf und neben der B\u00fchne.<\/p>\n\n\n\n<p>Zu Beginn dieses Jahrtausends wurde der Durchhaltewille durch die Schliessung des Landgasthofs Linde auf die Probe gestellt. Nach zweij\u00e4hrigem Unterbruch konnte im Jahr 2003 zur Erleichterung der Theatergesellschaft Berschis und den treuen Zuschauern wieder Theater gespielt werden. <\/p>\n\n\n\n<p>In j\u00fcngster Zeit sorgt die Coronavirus-Pandemie f\u00fcr einen unfreiwilligen Unterbruch. In den Jahren 2020 und 2021 musste leider auf Auff\u00fchrungen im Lindensaal verzichtet werden. Die Theatergesellschaft Berschis l\u00e4sst sich die Freude am Theaterspielen nicht nehmen und wird dank engagierten Mitgliedern auch zuk\u00fcnftig f\u00fcr unbeschwerte Abende im Lindensaal sorgen.<\/p>\n\n\n\n<hr class=\"wp-block-separator has-css-opacity\"\/>\n\n\n\n<p><strong>Vorstand<\/strong><\/p>\n\n\n\n<figure class=\"wp-block-image size-large\"><img loading=\"lazy\" decoding=\"async\" width=\"1024\" height=\"576\" src=\"https:\/\/www.theater-berschis.ch\/wordpress\/wp-content\/uploads\/2025\/04\/Theater-2024_33-1024x576.jpg\" alt=\"\" class=\"wp-image-1021\" srcset=\"https:\/\/www.theater-berschis.ch\/wordpress\/wp-content\/uploads\/2025\/04\/Theater-2024_33-1024x576.jpg 1024w, https:\/\/www.theater-berschis.ch\/wordpress\/wp-content\/uploads\/2025\/04\/Theater-2024_33-300x169.jpg 300w, https:\/\/www.theater-berschis.ch\/wordpress\/wp-content\/uploads\/2025\/04\/Theater-2024_33-768x432.jpg 768w, https:\/\/www.theater-berschis.ch\/wordpress\/wp-content\/uploads\/2025\/04\/Theater-2024_33-1536x864.jpg 1536w, https:\/\/www.theater-berschis.ch\/wordpress\/wp-content\/uploads\/2025\/04\/Theater-2024_33-2048x1152.jpg 2048w\" sizes=\"auto, (max-width: 706px) 89vw, (max-width: 767px) 82vw, 740px\" \/><\/figure>\n\n\n\n<ul class=\"wp-block-list\">\n<li>Pr\u00e4sident: Clemens Hobi<\/li>\n\n\n\n<li>Aktuarin: Annamarie Wildhaber<\/li>\n\n\n\n<li>Finanzen: Sandra Cinepro-Meile<\/li>\n\n\n\n<li><mark style=\"background-color:rgba(0, 0, 0, 0)\" class=\"has-inline-color has-black-color\">Beisitzerin: <\/mark>Erika Wachter<\/li>\n\n\n\n<li>Regie: Martin Hobi<\/li>\n<\/ul>\n\n\n\n<hr class=\"wp-block-separator has-css-opacity\"\/>\n","protected":false},"excerpt":{"rendered":"<p>Die Theatergesellschaft Berschis ist ein traditionsreicher Kulturverein und bezweckt zur Hauptsache die F\u00f6rderung des Laientheaters in all seinen Ausdrucksformen. Allj\u00e4hrlich im Herbst f\u00fchren wir ein Theaterst\u00fcck im altehrw\u00fcrdigen Saal des Landgasthofs Linde auf. Geschichte Die Theatergesellschaft Berschis wurde am 22. November 1911 von sieben theaterbegeisterten M\u00e4nnern gegr\u00fcndet. Das Theater war zu jener Zeit nichts Neues &hellip; <\/p>\n<p class=\"link-more\"><a href=\"https:\/\/www.theater-berschis.ch\/wordpress\/index.php\/ueber-uns\/\" class=\"more-link\"><span class=\"screen-reader-text\">&#171;\u00dcber uns&#187;<\/span> weiterlesen<\/a><\/p>\n","protected":false},"author":1,"featured_media":0,"parent":0,"menu_order":0,"comment_status":"closed","ping_status":"closed","template":"","meta":{"footnotes":""},"class_list":["post-110","page","type-page","status-publish","hentry"],"_links":{"self":[{"href":"https:\/\/www.theater-berschis.ch\/wordpress\/index.php\/wp-json\/wp\/v2\/pages\/110","targetHints":{"allow":["GET"]}}],"collection":[{"href":"https:\/\/www.theater-berschis.ch\/wordpress\/index.php\/wp-json\/wp\/v2\/pages"}],"about":[{"href":"https:\/\/www.theater-berschis.ch\/wordpress\/index.php\/wp-json\/wp\/v2\/types\/page"}],"author":[{"embeddable":true,"href":"https:\/\/www.theater-berschis.ch\/wordpress\/index.php\/wp-json\/wp\/v2\/users\/1"}],"replies":[{"embeddable":true,"href":"https:\/\/www.theater-berschis.ch\/wordpress\/index.php\/wp-json\/wp\/v2\/comments?post=110"}],"version-history":[{"count":46,"href":"https:\/\/www.theater-berschis.ch\/wordpress\/index.php\/wp-json\/wp\/v2\/pages\/110\/revisions"}],"predecessor-version":[{"id":1023,"href":"https:\/\/www.theater-berschis.ch\/wordpress\/index.php\/wp-json\/wp\/v2\/pages\/110\/revisions\/1023"}],"wp:attachment":[{"href":"https:\/\/www.theater-berschis.ch\/wordpress\/index.php\/wp-json\/wp\/v2\/media?parent=110"}],"curies":[{"name":"wp","href":"https:\/\/api.w.org\/{rel}","templated":true}]}}